{"id":47,"date":"2024-04-08T14:40:55","date_gmt":"2024-04-08T17:40:55","guid":{"rendered":"http:\/\/ravenadigital.com.br\/?page_id=47"},"modified":"2024-04-22T17:42:42","modified_gmt":"2024-04-22T20:42:42","slug":"blog","status":"publish","type":"page","link":"https:\/\/ravenadigital.com.br\/?page_id=47","title":{"rendered":"Blog"},"content":{"rendered":"\n<h3 class=\"wp-block-heading\">Aqui voc\u00ea encontra dicas e artigos na \u00e1rea de TI<\/h3>\n\n\n\n<div class=\"wp-block-query is-layout-flow wp-block-query-is-layout-flow\"><ul class=\"columns-2 wp-block-post-template is-layout-grid wp-container-core-post-template-is-layout-02493678 wp-block-post-template-is-layout-grid\"><li class=\"wp-block-post post-99 post type-post status-publish format-standard hentry category-sem-categoria tag-android tag-desenvolvimento tag-kotlin tag-programacao tag-software\">\n\n<div class=\"wp-block-group is-layout-flow wp-block-group-is-layout-flow\" style=\"padding-top:30px;padding-right:30px;padding-bottom:30px;padding-left:30px\"><h2 class=\"wp-block-post-title\"><a href=\"https:\/\/ravenadigital.com.br\/?p=99\" target=\"_self\" >Introdu\u00e7\u00e3o ao Kotlin: Fundamentos e Exemplos Pr\u00e1ticos<\/a><\/h2>\n\n<div class=\"wp-block-post-excerpt\"><p class=\"wp-block-post-excerpt__excerpt\">Kotlin \u00e9 uma linguagem de programa\u00e7\u00e3o multiplataforma, utilizada pincipalmente para desenvolvimento de aplicativos android. Uma das suas principais caracter\u00edsticas \u00e9 [&hellip;] <\/p><\/div>\n\n<div class=\"wp-block-post-date\"><time datetime=\"2025-01-28T15:40:50-03:00\">28 de January de 2025<\/time><\/div><\/div>\n\n<\/li><li class=\"wp-block-post post-91 post type-post status-publish format-standard hentry category-desenvolvimento tag-desenvolvimento tag-desktop tag-java tag-javafx tag-oracle tag-sun\">\n\n<div class=\"wp-block-group is-layout-flow wp-block-group-is-layout-flow\" style=\"padding-top:30px;padding-right:30px;padding-bottom:30px;padding-left:30px\"><h2 class=\"wp-block-post-title\"><a href=\"https:\/\/ravenadigital.com.br\/?p=91\" target=\"_self\" >Interfaces gr\u00e1ficas com JavaFX<\/a><\/h2>\n\n<div class=\"wp-block-post-excerpt\"><p class=\"wp-block-post-excerpt__excerpt\">JavaFX \u00e9 uma plataforma java para desenvolver aplica\u00e7\u00f5es com interfaces ricas , sendo uma \u00f3tima para op\u00e7\u00e3o para aplica\u00e7\u00f5es desktop [&hellip;] <\/p><\/div>\n\n<div class=\"wp-block-post-date\"><time datetime=\"2024-10-18T16:43:53-03:00\">18 de October de 2024<\/time><\/div><\/div>\n\n<\/li><li class=\"wp-block-post post-86 post type-post status-publish format-standard hentry category-desenvolvimento tag-dart tag-desenvolvimento tag-flutter tag-programacao tag-software tag-ti\">\n\n<div class=\"wp-block-group is-layout-flow wp-block-group-is-layout-flow\" style=\"padding-top:30px;padding-right:30px;padding-bottom:30px;padding-left:30px\"><h2 class=\"wp-block-post-title\"><a href=\"https:\/\/ravenadigital.com.br\/?p=86\" target=\"_self\" >Desenvolvimento de Aplicativos Multi-plataforma com Flutter e Dart<\/a><\/h2>\n\n<div class=\"wp-block-post-excerpt\"><p class=\"wp-block-post-excerpt__excerpt\">Hoje temos uma grande variedade de linguagens e frameworks no mercado de desenvolvimento de software. Como exemplo vou citar alguns [&hellip;] <\/p><\/div>\n\n<div class=\"wp-block-post-date\"><time datetime=\"2024-08-01T16:38:20-03:00\">1 de August de 2024<\/time><\/div><\/div>\n\n<\/li><li class=\"wp-block-post post-79 post type-post status-publish format-standard has-post-thumbnail hentry category-sem-categoria tag-controle tag-estoque tag-sistemas\">\n\n<div class=\"wp-block-group is-layout-flow wp-block-group-is-layout-flow\" style=\"padding-top:30px;padding-right:30px;padding-bottom:30px;padding-left:30px\"><h2 class=\"wp-block-post-title\"><a href=\"https:\/\/ravenadigital.com.br\/?p=79\" target=\"_self\" >Quais as vantagens de controlar o estoque do meu neg\u00f3cio com um sistema informatizado?<\/a><\/h2>\n\n<div class=\"wp-block-post-excerpt\"><p class=\"wp-block-post-excerpt__excerpt\">Um&nbsp;sistema informatizado de controle de estoque&nbsp;oferece diversas vantagens para o seu neg\u00f3cio. Vamos explorar algumas delas: Em resumo, um sistema [&hellip;] <\/p><\/div>\n\n<div class=\"wp-block-post-date\"><time datetime=\"2024-04-24T16:15:31-03:00\">24 de April de 2024<\/time><\/div><\/div>\n\n<\/li><li class=\"wp-block-post post-54 post type-post status-publish format-standard hentry category-sem-categoria\">\n\n<div class=\"wp-block-group is-layout-flow wp-block-group-is-layout-flow\" style=\"padding-top:30px;padding-right:30px;padding-bottom:30px;padding-left:30px\"><h2 class=\"wp-block-post-title\"><a href=\"https:\/\/ravenadigital.com.br\/?p=54\" target=\"_self\" >Por que criar um site para o meu servi\u00e7o ou neg\u00f3cio?<\/a><\/h2>\n\n<div class=\"wp-block-post-excerpt\"><p class=\"wp-block-post-excerpt__excerpt\">Construir um site para o seu servi\u00e7o ou neg\u00f3cio oferece uma s\u00e9rie de vantagens significativas:&nbsp; Visibilidade Online: Ter um site [&hellip;] <\/p><\/div>\n\n<div class=\"wp-block-post-date\"><time datetime=\"2024-04-18T17:06:58-03:00\">18 de April de 2024<\/time><\/div><\/div>\n\n<\/li><li class=\"wp-block-post post-1 post type-post status-publish format-standard hentry category-sem-categoria\">\n\n<div class=\"wp-block-group is-layout-flow wp-block-group-is-layout-flow\" style=\"padding-top:30px;padding-right:30px;padding-bottom:30px;padding-left:30px\"><h2 class=\"wp-block-post-title\"><a href=\"https:\/\/ravenadigital.com.br\/?p=1\" target=\"_self\" >Lentid\u00e3o?<\/a><\/h2>\n\n<div class=\"wp-block-post-excerpt\"><p class=\"wp-block-post-excerpt__excerpt\">S\u00e3o v\u00e1rios os fatores que podem deixar seu computador ou notebook lento. Alguns dos fatores s\u00e3o:&nbsp; &#8211; Falta de mem\u00f3ria [&hellip;] <\/p><\/div>\n\n<div class=\"wp-block-post-date\"><time datetime=\"2024-04-05T12:37:47-03:00\">5 de April de 2024<\/time><\/div><\/div>\n\n<\/li><\/ul><\/div>\n","protected":false},"excerpt":{"rendered":"<p>Aqui voc\u00ea encontra dicas e artigos na \u00e1rea de TI<\/p>\n","protected":false},"author":1,"featured_media":0,"parent":0,"menu_order":0,"comment_status":"closed","ping_status":"closed","template":"","meta":{"site-sidebar-layout":"default","site-content-layout":"","ast-site-content-layout":"","site-content-style":"default","site-sidebar-style":"default","ast-global-header-display":"","ast-banner-title-visibility":"","ast-main-header-display":"","ast-hfb-above-header-display":"","ast-hfb-below-header-display":"","ast-hfb-mobile-header-display":"","site-post-title":"","ast-breadcrumbs-content":"","ast-featured-img":"","footer-sml-layout":"","theme-transparent-header-meta":"","adv-header-id-meta":"","stick-header-meta":"","header-above-stick-meta":"","header-main-stick-meta":"","header-below-stick-meta":"","astra-migrate-meta-layouts":"default","ast-page-background-enabled":"default","ast-page-background-meta":{"desktop":{"background-color":"var(--ast-global-color-4)","background-image":"","background-repeat":"repeat","background-position":"center center","background-size":"auto","background-attachment":"scroll","background-type":"","background-media":"","overlay-type":"","overlay-color":"","overlay-opacity":"","overlay-gradient":""},"tablet":{"background-color":"","background-image":"","background-repeat":"repeat","background-position":"center center","background-size":"auto","background-attachment":"scroll","background-type":"","background-media":"","overlay-type":"","overlay-color":"","overlay-opacity":"","overlay-gradient":""},"mobile":{"background-color":"","background-image":"","background-repeat":"repeat","background-position":"center center","background-size":"auto","background-attachment":"scroll","background-type":"","background-media":"","overlay-type":"","overlay-color":"","overlay-opacity":"","overlay-gradient":""}},"ast-content-background-meta":{"desktop":{"background-color":"var(--ast-global-color-5)","background-image":"","background-repeat":"repeat","background-position":"center center","background-size":"auto","background-attachment":"scroll","background-type":"","background-media":"","overlay-type":"","overlay-color":"","overlay-opacity":"","overlay-gradient":""},"tablet":{"background-color":"var(--ast-global-color-5)","background-image":"","background-repeat":"repeat","background-position":"center center","background-size":"auto","background-attachment":"scroll","background-type":"","background-media":"","overlay-type":"","overlay-color":"","overlay-opacity":"","overlay-gradient":""},"mobile":{"background-color":"var(--ast-global-color-5)","background-image":"","background-repeat":"repeat","background-position":"center center","background-size":"auto","background-attachment":"scroll","background-type":"","background-media":"","overlay-type":"","overlay-color":"","overlay-opacity":"","overlay-gradient":""}},"footnotes":""},"class_list":["post-47","page","type-page","status-publish","hentry"],"jetpack_sharing_enabled":true,"jetpack-related-posts":[],"_links":{"self":[{"href":"https:\/\/ravenadigital.com.br\/index.php?rest_route=\/wp\/v2\/pages\/47","targetHints":{"allow":["GET"]}}],"collection":[{"href":"https:\/\/ravenadigital.com.br\/index.php?rest_route=\/wp\/v2\/pages"}],"about":[{"href":"https:\/\/ravenadigital.com.br\/index.php?rest_route=\/wp\/v2\/types\/page"}],"author":[{"embeddable":true,"href":"https:\/\/ravenadigital.com.br\/index.php?rest_route=\/wp\/v2\/users\/1"}],"replies":[{"embeddable":true,"href":"https:\/\/ravenadigital.com.br\/index.php?rest_route=%2Fwp%2Fv2%2Fcomments&post=47"}],"version-history":[{"count":5,"href":"https:\/\/ravenadigital.com.br\/index.php?rest_route=\/wp\/v2\/pages\/47\/revisions"}],"predecessor-version":[{"id":78,"href":"https:\/\/ravenadigital.com.br\/index.php?rest_route=\/wp\/v2\/pages\/47\/revisions\/78"}],"wp:attachment":[{"href":"https:\/\/ravenadigital.com.br\/index.php?rest_route=%2Fwp%2Fv2%2Fmedia&parent=47"}],"curies":[{"name":"wp","href":"https:\/\/api.w.org\/{rel}","templated":true}]}}