{"id":9,"date":"2024-04-05T15:22:01","date_gmt":"2024-04-05T18:22:01","guid":{"rendered":"http:\/\/ravenadigital.com.br\/?page_id=9"},"modified":"2025-01-28T16:08:27","modified_gmt":"2025-01-28T19:08:27","slug":"home","status":"publish","type":"page","link":"https:\/\/ravenadigital.com.br\/","title":{"rendered":"Home"},"content":{"rendered":"\n<div class=\"wp-block-cover alignfull is-light\" style=\"min-height:720px;aspect-ratio:unset;\"><span aria-hidden=\"true\" class=\"wp-block-cover__background has-background-dim-100 has-background-dim has-background-gradient\" style=\"background:linear-gradient(35deg,rgb(6,0,151) 0%,rgb(130,4,255) 73%,rgb(193,15,255) 100%)\"><\/span><div class=\"wp-block-cover__inner-container is-layout-flow wp-block-cover-is-layout-flow\">\n<div class=\"inherit-container-width wp-block-group alignwide is-layout-constrained wp-block-group-is-layout-constrained\">\n<div class=\"wp-block-media-text alignwide has-media-on-the-right is-stacked-on-mobile is-vertically-aligned-center\" style=\"grid-template-columns:auto 43%\"><div class=\"wp-block-media-text__content\">\n<h1 class=\"wp-block-heading has-text-align-left has-white-color has-text-color\">Servi\u00e7os de Inform\u00e1tica<\/h1>\n\n\n\n<p class=\"has-medium-font-size\">Realizamos servi\u00e7os de desenvolvimento e manuten\u00e7\u00e3o de sites e sistemas em Volta Redonda<\/p>\n\n\n\n<p>Configura\u00e7\u00e3o e instala\u00e7\u00e3o de software<\/p>\n\n\n\n<p>Sistema de Controle de Associados<\/p>\n\n\n\n<p>Constru\u00e7\u00e3o de sites e sistemas<\/p>\n\n\n\n<p>Sistema de Controle de Estoque e Vendas<\/p>\n\n\n\n<div class=\"wp-block-buttons is-layout-flex wp-block-buttons-is-layout-flex\">\n<div class=\"wp-block-button\"><a class=\"wp-block-button__link wp-element-button\" href=\"https:\/\/api.whatsapp.com\/send?phone=5524981340808\">Entre em contato<\/a><\/div>\n<\/div>\n<\/div><figure class=\"wp-block-media-text__media\"><img decoding=\"async\" src=\"http:\/\/ravenadigital.com.br\/wp-content\/themes\/astra\/inc\/assets\/images\/starter-content\/hero-img.svg\" alt=\"\" class=\"wp-image-118 size-full\"\/><\/figure><\/div>\n<\/div>\n<\/div><\/div>\n\n\n\n<div class=\"wp-block-columns is-layout-flex wp-container-core-columns-is-layout-28f84493 wp-block-columns-is-layout-flex\">\n<div class=\"wp-block-column is-layout-flow wp-block-column-is-layout-flow\" style=\"flex-basis:100%\"><ul class=\"wp-block-latest-posts__list has-link-color wp-elements-bccb4c8db6af9bd648b5cfad44233b06 wp-block-latest-posts has-medium-font-size\"><li><a class=\"wp-block-latest-posts__post-title\" href=\"https:\/\/ravenadigital.com.br\/?p=99\">Introdu\u00e7\u00e3o ao Kotlin: Fundamentos e Exemplos Pr\u00e1ticos<\/a><div class=\"wp-block-latest-posts__post-excerpt\">Kotlin \u00e9 uma linguagem de programa\u00e7\u00e3o multiplataforma, utilizada pincipalmente para desenvolvimento de aplicativos android. Uma das suas principais caracter\u00edsticas \u00e9 a concis\u00e3o.Voc\u00ea consegue escreve uma mesma funcionalidade em Koltlin , comparando com o Java , de forma mais concisa escrevendo um c\u00f3digo bem menor. Outra caracter\u00edstica da linguagem \u00e9 a interoprabilidade com outras linguagens ,\u2026 <a class=\"wp-block-latest-posts__read-more\" href=\"https:\/\/ravenadigital.com.br\/?p=99\" rel=\"noopener noreferrer\">Read more<span class=\"screen-reader-text\">: Introdu\u00e7\u00e3o ao Kotlin: Fundamentos e Exemplos Pr\u00e1ticos<\/span><\/a><\/div><\/li>\n<li><a class=\"wp-block-latest-posts__post-title\" href=\"https:\/\/ravenadigital.com.br\/?p=91\">Interfaces gr\u00e1ficas com JavaFX<\/a><div class=\"wp-block-latest-posts__post-excerpt\">JavaFX \u00e9 uma plataforma java para desenvolver aplica\u00e7\u00f5es com interfaces ricas , sendo uma \u00f3tima para op\u00e7\u00e3o para aplica\u00e7\u00f5es desktop modernas. Atualmente o JavaFX \u00e9 administrado pelo https:\/\/openjfx.io\/ , mas at\u00e9 a vers\u00e3o 8 do java as bibliotecas javaFX vinham integradas no jdk do java da Oracle. Com java na vers\u00e3o 21 , podemos fazer\u2026 <a class=\"wp-block-latest-posts__read-more\" href=\"https:\/\/ravenadigital.com.br\/?p=91\" rel=\"noopener noreferrer\">Read more<span class=\"screen-reader-text\">: Interfaces gr\u00e1ficas com JavaFX<\/span><\/a><\/div><\/li>\n<li><a class=\"wp-block-latest-posts__post-title\" href=\"https:\/\/ravenadigital.com.br\/?p=86\">Desenvolvimento de Aplicativos Multi-plataforma com Flutter e Dart<\/a><div class=\"wp-block-latest-posts__post-excerpt\">Hoje temos uma grande variedade de linguagens e frameworks no mercado de desenvolvimento de software. Como exemplo vou citar alguns frameworks e suas linguagens: Flutter \u00e9 um framework de front-end , ou seja para desenvolver a interface com o usu\u00e1rio, voltado para desenvolvimento de aplicativos h\u00edbridos ou seja multi-plataforma. Sua linguagem de programa\u00e7\u00e3o \u00e9 o\u2026 <a class=\"wp-block-latest-posts__read-more\" href=\"https:\/\/ravenadigital.com.br\/?p=86\" rel=\"noopener noreferrer\">Read more<span class=\"screen-reader-text\">: Desenvolvimento de Aplicativos Multi-plataforma com Flutter e Dart<\/span><\/a><\/div><\/li>\n<li><a class=\"wp-block-latest-posts__post-title\" href=\"https:\/\/ravenadigital.com.br\/?p=79\">Quais as vantagens de controlar o estoque do meu neg\u00f3cio com um sistema informatizado?<\/a><div class=\"wp-block-latest-posts__post-excerpt\">Um&nbsp;sistema informatizado de controle de estoque&nbsp;oferece diversas vantagens para o seu neg\u00f3cio. Vamos explorar algumas delas: Em resumo, um sistema de controle de estoque informatizado \u00e9 essencial para otimizar processos, reduzir custos, prevenir preju\u00edzos e manter a efici\u00eancia operacional do seu neg\u00f3cio.<\/div><\/li>\n<li><a class=\"wp-block-latest-posts__post-title\" href=\"https:\/\/ravenadigital.com.br\/?p=54\">Por que criar um site para o meu servi\u00e7o ou neg\u00f3cio?<\/a><div class=\"wp-block-latest-posts__post-excerpt\">Construir um site para o seu servi\u00e7o ou neg\u00f3cio oferece uma s\u00e9rie de vantagens significativas:&nbsp; Visibilidade Online: Ter um site permite que sua empresa seja encontrada online por clientes em potencial em sua regi\u00e3o de atua\u00e7\u00e3o, aumentando sua visibilidade e alcance.&nbsp; Credibilidade: Um site profissional transmite confian\u00e7a aos clientes. Demonstra que voc\u00ea est\u00e1 comprometido com\u2026 <a class=\"wp-block-latest-posts__read-more\" href=\"https:\/\/ravenadigital.com.br\/?p=54\" rel=\"noopener noreferrer\">Read more<span class=\"screen-reader-text\">: Por que criar um site para o meu servi\u00e7o ou neg\u00f3cio?<\/span><\/a><\/div><\/li>\n<\/ul><\/div>\n<\/div>\n\n\n\t\t<div class=\"wp-block-jetpack-instagram-gallery wp-block-jetpack-instagram-gallery__grid wp-block-jetpack-instagram-gallery__grid-columns-3 is-stacked-on-mobile\" style=\"grid-gap: 10px; --latest-instagram-posts-spacing: 10px;\">\n\t\t\t\t\t<a\n\t\t\t\tclass=\"wp-block-jetpack-instagram-gallery__grid-post\"\n\t\t\t\thref=\"https:\/\/www.instagram.com\/p\/DHWoZ8APGLT\/\"\n\t\t\t\trel=\"noopener noreferrer\"\n\t\t\t\ttarget=\"_blank\"\n\t\t\t>\n\t\t\t\t<img\n\t\t\t\t\talt=\"#informatica #computador #notebook #site #sistemas #ti #voltaredonda #sulfluminense #suporte #desenvolvimento #software\"\n\t\t\t\t\tsrc=\"https:\/\/scontent-dfw5-2.cdninstagram.com\/v\/t51.82787-15\/624592311_18026639084607694_3526234443512024565_n.jpg?stp=dst-jpg_e35_tt6&#038;_nc_cat=108&#038;ccb=7-5&#038;_nc_sid=18de74&#038;efg=eyJlZmdfdGFnIjoiRkVFRC5iZXN0X2ltYWdlX3VybGdlbi5DMyJ9&#038;_nc_ohc=qTX6Y3pQENcQ7kNvwF20du2&#038;_nc_oc=Adqc3lP5s_dWJzkQ7skBmCJFWk3onIR1jzNzlIN5GVDlll0BMl7581PJ-iN-Oa_2_uA&#038;_nc_zt=23&#038;_nc_ht=scontent-dfw5-2.cdninstagram.com&#038;edm=ANo9K5cEAAAA&#038;_nc_gid=dlFJbVgR1DLOLaUayrx-8A&#038;_nc_tpa=Q5bMBQHKzyZTgdfBnWnXBNEfkm82hETO0d5JG6EuSRsd8bpbBivUKbVoL-gKbCFqdfNBOqvrPVzyIk05vg&#038;oh=00_Af0vACOr5WNguG2DdFdXZbFLUFFyCWqCg0DZxzuAG9wnjw&#038;oe=69E8AF20\"\n\t\t\t\t\tloading=\"lazy\"\n\t\t\t\t\/>\n\t\t\t<\/a>\n\t\t\t\t\t<a\n\t\t\t\tclass=\"wp-block-jetpack-instagram-gallery__grid-post\"\n\t\t\t\thref=\"https:\/\/www.instagram.com\/p\/DGgtteBPnlU\/\"\n\t\t\t\trel=\"noopener noreferrer\"\n\t\t\t\ttarget=\"_blank\"\n\t\t\t>\n\t\t\t\t<img\n\t\t\t\t\talt=\"Desenvolvimento e manuten\u00e7\u00e3o de sistemas.\"\n\t\t\t\t\tsrc=\"https:\/\/scontent-dfw6-1.cdninstagram.com\/v\/t51.82787-15\/624841721_18089494013099019_7389046044789272700_n.jpg?stp=dst-jpg_e35_tt6&#038;_nc_cat=101&#038;ccb=7-5&#038;_nc_sid=18de74&#038;efg=eyJlZmdfdGFnIjoiRkVFRC5iZXN0X2ltYWdlX3VybGdlbi5DMyJ9&#038;_nc_ohc=1C0PWacGNQYQ7kNvwELpSXd&#038;_nc_oc=AdpcmdIZlzE2EWj90TlKy-T6G3WYp38lwhubvOeJGYLJ33rMDJhCCxA4g54TJg1xaYo&#038;_nc_zt=23&#038;_nc_ht=scontent-dfw6-1.cdninstagram.com&#038;edm=ANo9K5cEAAAA&#038;_nc_gid=dlFJbVgR1DLOLaUayrx-8A&#038;_nc_tpa=Q5bMBQF5Nsf7nMdT2OyY7Ypl8AL1WZiXYXuZTSIr_TjMtdIPv2PSKi_-eNkHJXRlb0PCH7uDlFYHw7bSdg&#038;oh=00_Af1qSgOIX3wYcLtf4ugnDYG3LYSFoc5_c04pBNgcFfEGPA&#038;oe=69E8A65D\"\n\t\t\t\t\tloading=\"lazy\"\n\t\t\t\t\/>\n\t\t\t<\/a>\n\t\t\t\t\t<a\n\t\t\t\tclass=\"wp-block-jetpack-instagram-gallery__grid-post\"\n\t\t\t\thref=\"https:\/\/www.instagram.com\/p\/DGdvkwGNbvJ\/\"\n\t\t\t\trel=\"noopener noreferrer\"\n\t\t\t\ttarget=\"_blank\"\n\t\t\t>\n\t\t\t\t<img\n\t\t\t\t\talt=\"Desenvolvimento de Software sob medida.\"\n\t\t\t\t\tsrc=\"https:\/\/scontent-dfw6-1.cdninstagram.com\/v\/t39.30808-6\/486610455_964185255838187_5685332337036399487_n.jpg?stp=dst-jpg_e35_tt6&#038;_nc_cat=106&#038;ccb=7-5&#038;_nc_sid=18de74&#038;efg=eyJlZmdfdGFnIjoiRkVFRC5iZXN0X2ltYWdlX3VybGdlbi5DMyJ9&#038;_nc_ohc=qq0hdp54BPAQ7kNvwFPoZQ-&#038;_nc_oc=Adpx-mKxQGnHhc4JRJUU2MOHN5W0EmsGqnAjHMj6TwEejSMvPAMB6JdatQbi1he1zD8&#038;_nc_zt=23&#038;_nc_ht=scontent-dfw6-1.cdninstagram.com&#038;edm=ANo9K5cEAAAA&#038;_nc_gid=dlFJbVgR1DLOLaUayrx-8A&#038;_nc_tpa=Q5bMBQFqBh7kITQcZHjoPhnwqtq5q1n2nrvQTH0_37km9pBEUoyTxSVzmXvcsKM18mFZj3n7EjJTZIxm2Q&#038;oh=00_Af2EwN_D41BOO56QsI-KjgDJIknxpDdY79vgtOzyojDK8w&#038;oe=69E8B7AF\"\n\t\t\t\t\tloading=\"lazy\"\n\t\t\t\t\/>\n\t\t\t<\/a>\n\t\t\t\t\t<a\n\t\t\t\tclass=\"wp-block-jetpack-instagram-gallery__grid-post\"\n\t\t\t\thref=\"https:\/\/www.instagram.com\/p\/DGdo0B8BCn5\/\"\n\t\t\t\trel=\"noopener noreferrer\"\n\t\t\t\ttarget=\"_blank\"\n\t\t\t>\n\t\t\t\t<img\n\t\t\t\t\talt=\"Desenvolvimento de Software sob medida.\"\n\t\t\t\t\tsrc=\"https:\/\/scontent-dfw6-1.cdninstagram.com\/v\/t39.30808-6\/486610455_964185255838187_5685332337036399487_n.jpg?stp=dst-jpg_e35_tt6&#038;_nc_cat=106&#038;ccb=7-5&#038;_nc_sid=18de74&#038;efg=eyJlZmdfdGFnIjoiRkVFRC5iZXN0X2ltYWdlX3VybGdlbi5DMyJ9&#038;_nc_ohc=qq0hdp54BPAQ7kNvwFPoZQ-&#038;_nc_oc=Adpx-mKxQGnHhc4JRJUU2MOHN5W0EmsGqnAjHMj6TwEejSMvPAMB6JdatQbi1he1zD8&#038;_nc_zt=23&#038;_nc_ht=scontent-dfw6-1.cdninstagram.com&#038;edm=ANo9K5cEAAAA&#038;_nc_gid=dlFJbVgR1DLOLaUayrx-8A&#038;_nc_tpa=Q5bMBQEEEu0ESXX9tIZgrV9Fs42CNK2q-yzzxAjzNW11tEdLzoGq66E-Ar-L3Jo3oEgGZeJ3GTNLao6W_w&#038;oh=00_Af2o1YtZCYvbqJc_0HEZeGVJFhwCPXdDMg6ujFb3lXjMSg&#038;oe=69E8B7AF\"\n\t\t\t\t\tloading=\"lazy\"\n\t\t\t\t\/>\n\t\t\t<\/a>\n\t\t\t\t\t<a\n\t\t\t\tclass=\"wp-block-jetpack-instagram-gallery__grid-post\"\n\t\t\t\thref=\"https:\/\/www.instagram.com\/p\/DFGZRGkp-sn\/\"\n\t\t\t\trel=\"noopener noreferrer\"\n\t\t\t\ttarget=\"_blank\"\n\t\t\t>\n\t\t\t\t<img\n\t\t\t\t\talt=\"Ol\u00e1 !\"\n\t\t\t\t\tsrc=\"https:\/\/scontent-dfw5-1.cdninstagram.com\/v\/t51.75761-15\/474644079_17972189309820475_552046215076347611_n.jpg?stp=dst-jpg_e35_tt6&#038;_nc_cat=109&#038;ccb=7-5&#038;_nc_sid=18de74&#038;efg=eyJlZmdfdGFnIjoiQ0FST1VTRUxfSVRFTS5iZXN0X2ltYWdlX3VybGdlbi5DMyJ9&#038;_nc_ohc=5rYqTRS2_eYQ7kNvwH3VnW1&#038;_nc_oc=AdrSO7OEZUxIgIEnPcRSWLGdnBOwcSoc7f-3kpKrKaRZ25ddHVHZo40NF1mHuJaomww&#038;_nc_zt=23&#038;_nc_ht=scontent-dfw5-1.cdninstagram.com&#038;edm=ANo9K5cEAAAA&#038;_nc_gid=dlFJbVgR1DLOLaUayrx-8A&#038;_nc_tpa=Q5bMBQFfGorOce_zkqGamWfP7degE0dckgmx96ABRVy_TfwWJnq__HLhJPSV7HT9BbgA7E28-SNHqJ5E3A&#038;oh=00_Af2iu3-uhZGTdHl9rNHfgE7_PnmMuMUlMl3GNzzch9b9Mg&#038;oe=69E88FED\"\n\t\t\t\t\tloading=\"lazy\"\n\t\t\t\t\/>\n\t\t\t<\/a>\n\t\t\t\t\t<a\n\t\t\t\tclass=\"wp-block-jetpack-instagram-gallery__grid-post\"\n\t\t\t\thref=\"https:\/\/www.instagram.com\/p\/DCRj_3uREWD\/\"\n\t\t\t\trel=\"noopener noreferrer\"\n\t\t\t\ttarget=\"_blank\"\n\t\t\t>\n\t\t\t\t<img\n\t\t\t\t\talt=\"#impressaodigital #impressao #adesivo #avisos #informatica #ti #voltaredonda #aterrado #sulfluminense\"\n\t\t\t\t\tsrc=\"https:\/\/scontent-dfw5-1.cdninstagram.com\/v\/t51.82787-15\/624293973_17999759582715856_1946382685277686776_n.jpg?stp=dst-jpg_e35_tt6&#038;_nc_cat=109&#038;ccb=7-5&#038;_nc_sid=18de74&#038;efg=eyJlZmdfdGFnIjoiRkVFRC5iZXN0X2ltYWdlX3VybGdlbi5DMyJ9&#038;_nc_ohc=oEIHuASIrxAQ7kNvwEhh_qH&#038;_nc_oc=AdopSkyCK7tc1mPVrWsI7SW2t3aKXdmvhF4gUQ_KP-a77A5BGfy-IRZvHjffPQqinNQ&#038;_nc_zt=23&#038;_nc_ht=scontent-dfw5-1.cdninstagram.com&#038;edm=ANo9K5cEAAAA&#038;_nc_gid=dlFJbVgR1DLOLaUayrx-8A&#038;_nc_tpa=Q5bMBQEz9AfFKgGmB8Zrt4Sqh2KIgyeYoob7ycQxHvZbAMjyMhZvM2TPnM2awiG5TEHDsM2YSSo-oUh7GA&#038;oh=00_Af13wHgaoA6zgoxAnFdiQOJbmJGNWwGkprpaMseDqQDiiA&#038;oe=69E8927F\"\n\t\t\t\t\tloading=\"lazy\"\n\t\t\t\t\/>\n\t\t\t<\/a>\n\t\t\t\t\t<a\n\t\t\t\tclass=\"wp-block-jetpack-instagram-gallery__grid-post\"\n\t\t\t\thref=\"https:\/\/www.instagram.com\/p\/DBegLxSPwYa\/\"\n\t\t\t\trel=\"noopener noreferrer\"\n\t\t\t\ttarget=\"_blank\"\n\t\t\t>\n\t\t\t\t<img\n\t\t\t\t\talt=\"&quot;\ud83d\udd27\ud83d\udcbb Servi\u00e7os de Inform\u00e1tica Sob Medida Para Voc\u00ea! \ud83d\udcbb\ud83d\udd27\"\n\t\t\t\t\tsrc=\"https:\/\/scontent-dfw5-1.cdninstagram.com\/v\/t51.82787-15\/621443396_17893327122263789_2840521721925536965_n.jpg?stp=dst-jpg_e35_tt6&#038;_nc_cat=111&#038;ccb=7-5&#038;_nc_sid=18de74&#038;efg=eyJlZmdfdGFnIjoiRkVFRC5iZXN0X2ltYWdlX3VybGdlbi5DMyJ9&#038;_nc_ohc=wcRSwdbvVdwQ7kNvwGBVKcW&#038;_nc_oc=Adrko9C04DXUUxq2dIfhHjOX9yeE6rIEEuxKH5B-3XwQsHrBtgldAH5vXWMMzRmman0&#038;_nc_zt=23&#038;_nc_ht=scontent-dfw5-1.cdninstagram.com&#038;edm=ANo9K5cEAAAA&#038;_nc_gid=dlFJbVgR1DLOLaUayrx-8A&#038;_nc_tpa=Q5bMBQEHziLQaAv5Tg_PAjhWFTzupEeDTaXYx-Ugp8FZVFUXammWjpS5ebdI0z8kiBKSajbyMGIAUaIRMA&#038;oh=00_Af1cBaUGLYdNKMxETLNkkDQWLDLZt601PYBHqT6sYm46ZQ&#038;oe=69E89D99\"\n\t\t\t\t\tloading=\"lazy\"\n\t\t\t\t\/>\n\t\t\t<\/a>\n\t\t\t\t\t<a\n\t\t\t\tclass=\"wp-block-jetpack-instagram-gallery__grid-post\"\n\t\t\t\thref=\"https:\/\/www.instagram.com\/p\/DBWxWkiP09C\/\"\n\t\t\t\trel=\"noopener noreferrer\"\n\t\t\t\ttarget=\"_blank\"\n\t\t\t>\n\t\t\t\t<img\n\t\t\t\t\talt=\"#voltaredonda #volta\u00e7o #brasileir\u00e3oseriec #seriec #brasileirao #riodejaneiro #futebol\"\n\t\t\t\t\tsrc=\"https:\/\/scontent-dfw5-1.cdninstagram.com\/v\/t51.82787-15\/624725422_18093183442797485_2898980437966055407_n.jpg?stp=dst-jpg_e35_tt6&#038;_nc_cat=111&#038;ccb=7-5&#038;_nc_sid=18de74&#038;efg=eyJlZmdfdGFnIjoiRkVFRC5iZXN0X2ltYWdlX3VybGdlbi5DMyJ9&#038;_nc_ohc=zjdKl7FWbIsQ7kNvwGUWYNx&#038;_nc_oc=AdqqPz2A3ttoltaFl9qovVh6jNOYdFnecihXRn_IJW4ggEpHeM6f6IRef7CnLUQbpKI&#038;_nc_zt=23&#038;_nc_ht=scontent-dfw5-1.cdninstagram.com&#038;edm=ANo9K5cEAAAA&#038;_nc_gid=dlFJbVgR1DLOLaUayrx-8A&#038;_nc_tpa=Q5bMBQFfNRT-D9TfNqBGB4xNGDSeEOEkb96bmJoTwYSrzP8OMhiewr3YQdyGa2msWsuP-aJvXB3rDbAusQ&#038;oh=00_Af3LQ_zK-PS5I48xhDDwVIZbKNXpM7u607jEip_asgxFBQ&#038;oe=69E89721\"\n\t\t\t\t\tloading=\"lazy\"\n\t\t\t\t\/>\n\t\t\t<\/a>\n\t\t\t\t\t<a\n\t\t\t\tclass=\"wp-block-jetpack-instagram-gallery__grid-post\"\n\t\t\t\thref=\"https:\/\/www.instagram.com\/p\/C-ksCGhR_6g\/\"\n\t\t\t\trel=\"noopener noreferrer\"\n\t\t\t\ttarget=\"_blank\"\n\t\t\t>\n\t\t\t\t<img\n\t\t\t\t\talt=\"#informatica #ti #sites #sistemas #impressao #voltaredonda #aterrado #sulfluminense #diariodovale #digital #media #cartao\"\n\t\t\t\t\tsrc=\"https:\/\/scontent-dfw6-1.cdninstagram.com\/v\/t51.82787-15\/626840043_18065429300251717_8771325446128035761_n.jpg?stp=dst-jpg_e35_tt6&#038;_nc_cat=103&#038;ccb=7-5&#038;_nc_sid=18de74&#038;efg=eyJlZmdfdGFnIjoiRkVFRC5iZXN0X2ltYWdlX3VybGdlbi5DMyJ9&#038;_nc_ohc=BpTzbcDRm0kQ7kNvwH71Jfz&#038;_nc_oc=AdqhMrVyf0Qh0nKf3YcjGuLjzlypi2u_W_u7cwrDzi8gSfxVVv5fXqLqTbcVKjwW73Q&#038;_nc_zt=23&#038;_nc_ht=scontent-dfw6-1.cdninstagram.com&#038;edm=ANo9K5cEAAAA&#038;_nc_gid=dlFJbVgR1DLOLaUayrx-8A&#038;_nc_tpa=Q5bMBQFtIrvoqC1zY3G1IcabsflRANIxnXw5AI-0wlBdbTuN9IXS009Skdwh1uYSzw0PZC9GbXb8Wrrn6g&#038;oh=00_Af0TGvZ6B7ZYOFJDpNERvRrL8sfSSTInBfrxXTqBEeLV5w&#038;oe=69E8BAC8\"\n\t\t\t\t\tloading=\"lazy\"\n\t\t\t\t\/>\n\t\t\t<\/a>\n\t\t\t<\/div>\n\n\t\n\n\n<div class=\"wp-block-group alignfull has-background is-layout-constrained wp-container-core-group-is-layout-cfcca693 wp-block-group-is-layout-constrained\" id=\"contact\" style=\"background:linear-gradient(35deg,rgb(6,0,151) 0%,rgb(130,4,255) 64%,rgb(193,15,255) 98%);padding-top:104px;padding-bottom:104px\">\n<h2 class=\"wp-block-heading has-text-align-center has-text-color\" style=\"color:#ffffff\">Agende seu servi\u00e7o!<\/h2>\n\n\n\n<div class=\"wp-block-buttons alignwide is-horizontal is-content-justification-center is-layout-flex wp-container-core-buttons-is-layout-bba8380a wp-block-buttons-is-layout-flex\" style=\"margin-top:50px\">\n<div class=\"wp-block-button\"><a class=\"wp-block-button__link wp-element-button\" href=\"https:\/\/api.whatsapp.com\/send?phone=5524981340808\">Entre em contato<\/a><\/div>\n<\/div>\n<\/div>\n","protected":false},"excerpt":{"rendered":"<p>Agende seu servi\u00e7o!<\/p>\n","protected":false},"author":1,"featured_media":0,"parent":0,"menu_order":0,"comment_status":"closed","ping_status":"closed","template":"","meta":{"site-sidebar-layout":"no-sidebar","site-content-layout":"plain-container","ast-site-content-layout":"","site-content-style":"default","site-sidebar-style":"default","ast-global-header-display":"","ast-banner-title-visibility":"","ast-main-header-display":"","ast-hfb-above-header-display":"","ast-hfb-below-header-display":"","ast-hfb-mobile-header-display":"","site-post-title":"disabled","ast-breadcrumbs-content":"","ast-featured-img":"","footer-sml-layout":"","theme-transparent-header-meta":"enabled","adv-header-id-meta":"","stick-header-meta":"","header-above-stick-meta":"","header-main-stick-meta":"","header-below-stick-meta":"","astra-migrate-meta-layouts":"default","ast-page-background-enabled":"default","ast-page-background-meta":{"desktop":{"background-color":"var(--ast-global-color-4)","background-image":"","background-repeat":"repeat","background-position":"center center","background-size":"auto","background-attachment":"scroll","background-type":"","background-media":"","overlay-type":"","overlay-color":"","overlay-opacity":"","overlay-gradient":""},"tablet":{"background-color":"","background-image":"","background-repeat":"repeat","background-position":"center center","background-size":"auto","background-attachment":"scroll","background-type":"","background-media":"","overlay-type":"","overlay-color":"","overlay-opacity":"","overlay-gradient":""},"mobile":{"background-color":"","background-image":"","background-repeat":"repeat","background-position":"center center","background-size":"auto","background-attachment":"scroll","background-type":"","background-media":"","overlay-type":"","overlay-color":"","overlay-opacity":"","overlay-gradient":""}},"ast-content-background-meta":{"desktop":{"background-color":"var(--ast-global-color-5)","background-image":"","background-repeat":"repeat","background-position":"center center","background-size":"auto","background-attachment":"scroll","background-type":"","background-media":"","overlay-type":"","overlay-color":"","overlay-opacity":"","overlay-gradient":""},"tablet":{"background-color":"var(--ast-global-color-5)","background-image":"","background-repeat":"repeat","background-position":"center center","background-size":"auto","background-attachment":"scroll","background-type":"","background-media":"","overlay-type":"","overlay-color":"","overlay-opacity":"","overlay-gradient":""},"mobile":{"background-color":"var(--ast-global-color-5)","background-image":"","background-repeat":"repeat","background-position":"center center","background-size":"auto","background-attachment":"scroll","background-type":"","background-media":"","overlay-type":"","overlay-color":"","overlay-opacity":"","overlay-gradient":""}},"footnotes":""},"class_list":["post-9","page","type-page","status-publish","hentry"],"jetpack_sharing_enabled":true,"jetpack-related-posts":[],"_links":{"self":[{"href":"https:\/\/ravenadigital.com.br\/index.php?rest_route=\/wp\/v2\/pages\/9","targetHints":{"allow":["GET"]}}],"collection":[{"href":"https:\/\/ravenadigital.com.br\/index.php?rest_route=\/wp\/v2\/pages"}],"about":[{"href":"https:\/\/ravenadigital.com.br\/index.php?rest_route=\/wp\/v2\/types\/page"}],"author":[{"embeddable":true,"href":"https:\/\/ravenadigital.com.br\/index.php?rest_route=\/wp\/v2\/users\/1"}],"replies":[{"embeddable":true,"href":"https:\/\/ravenadigital.com.br\/index.php?rest_route=%2Fwp%2Fv2%2Fcomments&post=9"}],"version-history":[{"count":13,"href":"https:\/\/ravenadigital.com.br\/index.php?rest_route=\/wp\/v2\/pages\/9\/revisions"}],"predecessor-version":[{"id":105,"href":"https:\/\/ravenadigital.com.br\/index.php?rest_route=\/wp\/v2\/pages\/9\/revisions\/105"}],"wp:attachment":[{"href":"https:\/\/ravenadigital.com.br\/index.php?rest_route=%2Fwp%2Fv2%2Fmedia&parent=9"}],"curies":[{"name":"wp","href":"https:\/\/api.w.org\/{rel}","templated":true}]}}